{"id":4681,"date":"2024-03-28T20:58:39","date_gmt":"2024-03-28T20:58:39","guid":{"rendered":"https:\/\/ceramiquepromix.com\/boutique\/?post_type=product&#038;p=4681"},"modified":"2024-03-28T21:00:13","modified_gmt":"2024-03-28T21:00:13","slug":"ceramique-pour-douche-blanc-mallorca","status":"publish","type":"product","link":"https:\/\/ceramiquepromix.com\/boutique\/product\/ceramique-pour-douche-blanc-mallorca\/","title":{"rendered":"C\u00e9ramique pour douche &#8211; Blanc Mallorca"},"content":{"rendered":"<p>Exemplifiez le charme artisanal avec la s\u00e9rie Majorque. Chaque m\u00e9tro en c\u00e9ramique de 2,5&Prime; x 8&Prime; de cette s\u00e9rie pr\u00e9sente une texture attrayante et nacr\u00e9e. Incorporez Mallorca White sur le dosseret de votre cuisine pour un look de ferme moderne et parfait.<\/p>\n","protected":false},"excerpt":{"rendered":"<p>Exemplifiez le charme artisanal avec la s\u00e9rie Majorque. Chaque m\u00e9tro en c\u00e9ramique de 2,5&Prime; x 8&Prime; de cette s\u00e9rie pr\u00e9sente une texture attrayante et nacr\u00e9e. Incorporez Mallorca White sur le dosseret de votre cuisine pour un look de ferme moderne et parfait.<\/p>\n","protected":false},"featured_media":4682,"template":"","meta":[],"product_cat":[51],"product_tag":[],"class_list":{"0":"post-4681","1":"product","2":"type-product","3":"status-publish","4":"has-post-thumbnail","6":"product_cat-douche","7":"entry","8":"has-media","10":"first","11":"instock","12":"taxable","13":"shipping-taxable","14":"purchasable","15":"product-type-simple","16":"col","17":"span_1_of_3","18":"wvn-content-left","19":"wvn-thumbs-layout-horizontal","20":"wvn-btn-normal","21":"wvn-tabs-layout-horizontal","22":"has-no-thumbnails"},"_links":{"self":[{"href":"https:\/\/ceramiquepromix.com\/boutique\/wp-json\/wp\/v2\/product\/4681","targetHints":{"allow":["GET"]}}],"collection":[{"href":"https:\/\/ceramiquepromix.com\/boutique\/wp-json\/wp\/v2\/product"}],"about":[{"href":"https:\/\/ceramiquepromix.com\/boutique\/wp-json\/wp\/v2\/types\/product"}],"wp:featuredmedia":[{"embeddable":true,"href":"https:\/\/ceramiquepromix.com\/boutique\/wp-json\/wp\/v2\/media\/4682"}],"wp:attachment":[{"href":"https:\/\/ceramiquepromix.com\/boutique\/wp-json\/wp\/v2\/media?parent=4681"}],"wp:term":[{"taxonomy":"product_cat","embeddable":true,"href":"https:\/\/ceramiquepromix.com\/boutique\/wp-json\/wp\/v2\/product_cat?post=4681"},{"taxonomy":"product_tag","embeddable":true,"href":"https:\/\/ceramiquepromix.com\/boutique\/wp-json\/wp\/v2\/product_tag?post=4681"}],"curies":[{"name":"wp","href":"https:\/\/api.w.org\/{rel}","templated":true}]}}