{"id":4679,"date":"2024-03-28T20:56:38","date_gmt":"2024-03-28T20:56:38","guid":{"rendered":"https:\/\/ceramiquepromix.com\/boutique\/?post_type=product&#038;p=4679"},"modified":"2024-03-28T21:01:47","modified_gmt":"2024-03-28T21:01:47","slug":"ceramique-pour-douche-retro-perla","status":"publish","type":"product","link":"https:\/\/ceramiquepromix.com\/boutique\/product\/ceramique-pour-douche-retro-perla\/","title":{"rendered":"C\u00e9ramique pour douche &#8211; Retro Perla"},"content":{"rendered":"<p>Contrastez les lignes nettes et les coins nets de pratiquement n&rsquo;importe quelle pi\u00e8ce avec le carrelage mural en c\u00e9ramique Retro Grey. Ce carreau m\u00e9tro de 3&Prime; x 12&Prime; dans un ton gris moyen offre une forme allong\u00e9e l\u00e9g\u00e8rement textur\u00e9e en vagues douces pour adoucir les zones comme les dosserets ou les douches. Ce carreau de c\u00e9ramique est \u00e9galement double cuisson avec un vernis transparent, donc aucun scellement n&rsquo;est requis avant le jointoiement.<\/p>\n","protected":false},"excerpt":{"rendered":"<p>Contrastez les lignes nettes et les coins nets de pratiquement n&rsquo;importe quelle pi\u00e8ce avec le carrelage mural en c\u00e9ramique Retro Grey. Ce carreau m\u00e9tro de 3&Prime; x 12&Prime; dans un ton gris moyen offre une forme allong\u00e9e l\u00e9g\u00e8rement textur\u00e9e en vagues douces pour adoucir les zones comme les dosserets ou les douches. Ce carreau de [&hellip;]<\/p>\n","protected":false},"featured_media":4680,"template":"","meta":[],"product_cat":[51],"product_tag":[],"class_list":{"0":"post-4679","1":"product","2":"type-product","3":"status-publish","4":"has-post-thumbnail","6":"product_cat-douche","7":"entry","8":"has-media","10":"first","11":"instock","12":"taxable","13":"shipping-taxable","14":"purchasable","15":"product-type-simple","16":"col","17":"span_1_of_3","18":"wvn-content-left","19":"wvn-thumbs-layout-horizontal","20":"wvn-btn-normal","21":"wvn-tabs-layout-horizontal","22":"has-no-thumbnails"},"_links":{"self":[{"href":"https:\/\/ceramiquepromix.com\/boutique\/wp-json\/wp\/v2\/product\/4679","targetHints":{"allow":["GET"]}}],"collection":[{"href":"https:\/\/ceramiquepromix.com\/boutique\/wp-json\/wp\/v2\/product"}],"about":[{"href":"https:\/\/ceramiquepromix.com\/boutique\/wp-json\/wp\/v2\/types\/product"}],"wp:featuredmedia":[{"embeddable":true,"href":"https:\/\/ceramiquepromix.com\/boutique\/wp-json\/wp\/v2\/media\/4680"}],"wp:attachment":[{"href":"https:\/\/ceramiquepromix.com\/boutique\/wp-json\/wp\/v2\/media?parent=4679"}],"wp:term":[{"taxonomy":"product_cat","embeddable":true,"href":"https:\/\/ceramiquepromix.com\/boutique\/wp-json\/wp\/v2\/product_cat?post=4679"},{"taxonomy":"product_tag","embeddable":true,"href":"https:\/\/ceramiquepromix.com\/boutique\/wp-json\/wp\/v2\/product_tag?post=4679"}],"curies":[{"name":"wp","href":"https:\/\/api.w.org\/{rel}","templated":true}]}}