{"id":4674,"date":"2024-03-28T20:46:18","date_gmt":"2024-03-28T20:46:18","guid":{"rendered":"https:\/\/ceramiquepromix.com\/boutique\/?post_type=product&#038;p=4674"},"modified":"2024-03-28T21:07:02","modified_gmt":"2024-03-28T21:07:02","slug":"ceramique-pour-dosseret-foret-de-briques","status":"publish","type":"product","link":"https:\/\/ceramiquepromix.com\/boutique\/product\/ceramique-pour-dosseret-foret-de-briques\/","title":{"rendered":"C\u00e9ramique pour dosseret &#8211; Look Avio"},"content":{"rendered":"<p>La texture de surface in\u00e9gale et l&rsquo;incroyable variation de couleur du carreau mural en porcelaine Look Avio apportent une sensation unique \u00e0 n&rsquo;importe quel espace avec un charme de style artisanal. Ce carreau d&rsquo;aspect fait main de 2&Prime; x 10&Prime; pr\u00e9sente de belles nuances de bleu et de vert pour cr\u00e9er une atmosph\u00e8re calme mais rafra\u00eechissante, tandis que la finition brillante offre la quantit\u00e9 parfaite de brillance.<\/p>\n","protected":false},"excerpt":{"rendered":"<p>La texture de surface in\u00e9gale et l&rsquo;incroyable variation de couleur du carreau mural en porcelaine Look Avio apportent une sensation unique \u00e0 n&rsquo;importe quel espace avec un charme de style artisanal. Ce carreau d&rsquo;aspect fait main de 2&Prime; x 10&Prime; pr\u00e9sente de belles nuances de bleu et de vert pour cr\u00e9er une atmosph\u00e8re calme mais [&hellip;]<\/p>\n","protected":false},"featured_media":4683,"template":"","meta":[],"product_cat":[50],"product_tag":[],"class_list":{"0":"post-4674","1":"product","2":"type-product","3":"status-publish","4":"has-post-thumbnail","6":"product_cat-dosseret","7":"entry","8":"has-media","10":"first","11":"instock","12":"taxable","13":"shipping-taxable","14":"purchasable","15":"product-type-simple","16":"col","17":"span_1_of_3","18":"wvn-content-left","19":"wvn-thumbs-layout-horizontal","20":"wvn-btn-normal","21":"wvn-tabs-layout-horizontal","22":"has-no-thumbnails"},"_links":{"self":[{"href":"https:\/\/ceramiquepromix.com\/boutique\/wp-json\/wp\/v2\/product\/4674","targetHints":{"allow":["GET"]}}],"collection":[{"href":"https:\/\/ceramiquepromix.com\/boutique\/wp-json\/wp\/v2\/product"}],"about":[{"href":"https:\/\/ceramiquepromix.com\/boutique\/wp-json\/wp\/v2\/types\/product"}],"wp:featuredmedia":[{"embeddable":true,"href":"https:\/\/ceramiquepromix.com\/boutique\/wp-json\/wp\/v2\/media\/4683"}],"wp:attachment":[{"href":"https:\/\/ceramiquepromix.com\/boutique\/wp-json\/wp\/v2\/media?parent=4674"}],"wp:term":[{"taxonomy":"product_cat","embeddable":true,"href":"https:\/\/ceramiquepromix.com\/boutique\/wp-json\/wp\/v2\/product_cat?post=4674"},{"taxonomy":"product_tag","embeddable":true,"href":"https:\/\/ceramiquepromix.com\/boutique\/wp-json\/wp\/v2\/product_tag?post=4674"}],"curies":[{"name":"wp","href":"https:\/\/api.w.org\/{rel}","templated":true}]}}