{"id":4672,"date":"2024-03-28T20:44:58","date_gmt":"2024-03-28T20:44:58","guid":{"rendered":"https:\/\/ceramiquepromix.com\/boutique\/?post_type=product&#038;p=4672"},"modified":"2024-03-28T20:51:30","modified_gmt":"2024-03-28T20:51:30","slug":"ceramique-pour-dosseret-blanc-riad","status":"publish","type":"product","link":"https:\/\/ceramiquepromix.com\/boutique\/product\/ceramique-pour-dosseret-blanc-riad\/","title":{"rendered":"C\u00e9ramique pour dosseret &#8211; Basalte de Tribeca"},"content":{"rendered":"<p>Inspir\u00e9 par le quartier branch\u00e9 et artistique de Tribeca \u00e0 Manhattan, le carrelage mural en porcelaine Tribeca Basalt apporte charme et caract\u00e8re sans effort \u00e0 n&rsquo;importe quel espace avec une apparence unique faite \u00e0 la main. Dot\u00e9 de bords us\u00e9s, ce carreau de style artisanal de 2,5&Prime; x 10&Prime; affiche une belle variation de couleur avec des nuances allant du gris fonc\u00e9 au noir, ainsi qu&rsquo;une finition tr\u00e8s brillante pour un glamour accrocheur. Coordonnez-le avec le carreau de garniture en porcelaine Tribeca Basalt pour transitions douces d&rsquo;une surface \u00e0 l&rsquo;autre.<\/p>\n","protected":false},"excerpt":{"rendered":"<p>Inspir\u00e9 par le quartier branch\u00e9 et artistique de Tribeca \u00e0 Manhattan, le carrelage mural en porcelaine Tribeca Basalt apporte charme et caract\u00e8re sans effort \u00e0 n&rsquo;importe quel espace avec une apparence unique faite \u00e0 la main. Dot\u00e9 de bords us\u00e9s, ce carreau de style artisanal de 2,5&Prime; x 10&Prime; affiche une belle variation de couleur [&hellip;]<\/p>\n","protected":false},"featured_media":4676,"template":"","meta":[],"product_cat":[50],"product_tag":[],"class_list":{"0":"post-4672","1":"product","2":"type-product","3":"status-publish","4":"has-post-thumbnail","6":"product_cat-dosseret","7":"entry","8":"has-media","10":"first","11":"instock","12":"taxable","13":"shipping-taxable","14":"purchasable","15":"product-type-simple","16":"col","17":"span_1_of_3","18":"wvn-content-left","19":"wvn-thumbs-layout-horizontal","20":"wvn-btn-normal","21":"wvn-tabs-layout-horizontal","22":"has-no-thumbnails"},"_links":{"self":[{"href":"https:\/\/ceramiquepromix.com\/boutique\/wp-json\/wp\/v2\/product\/4672","targetHints":{"allow":["GET"]}}],"collection":[{"href":"https:\/\/ceramiquepromix.com\/boutique\/wp-json\/wp\/v2\/product"}],"about":[{"href":"https:\/\/ceramiquepromix.com\/boutique\/wp-json\/wp\/v2\/types\/product"}],"wp:featuredmedia":[{"embeddable":true,"href":"https:\/\/ceramiquepromix.com\/boutique\/wp-json\/wp\/v2\/media\/4676"}],"wp:attachment":[{"href":"https:\/\/ceramiquepromix.com\/boutique\/wp-json\/wp\/v2\/media?parent=4672"}],"wp:term":[{"taxonomy":"product_cat","embeddable":true,"href":"https:\/\/ceramiquepromix.com\/boutique\/wp-json\/wp\/v2\/product_cat?post=4672"},{"taxonomy":"product_tag","embeddable":true,"href":"https:\/\/ceramiquepromix.com\/boutique\/wp-json\/wp\/v2\/product_tag?post=4672"}],"curies":[{"name":"wp","href":"https:\/\/api.w.org\/{rel}","templated":true}]}}