{"id":4664,"date":"2024-03-28T20:33:12","date_gmt":"2024-03-28T20:33:12","guid":{"rendered":"https:\/\/ceramiquepromix.com\/boutique\/?post_type=product&#038;p=4664"},"modified":"2024-03-28T20:39:13","modified_gmt":"2024-03-28T20:39:13","slug":"ceramique-pour-mur-teinte-deau","status":"publish","type":"product","link":"https:\/\/ceramiquepromix.com\/boutique\/product\/ceramique-pour-mur-teinte-deau\/","title":{"rendered":"C\u00e9ramique pour mur &#8211; Teinte d&rsquo;eau"},"content":{"rendered":"<p>Inspir\u00e9e de la s\u00e9rie TBrick, la collection Tint explore une palette de couleurs cr\u00e9atives. En utilisant la profondeur des nuances de couleurs pour cr\u00e9er une surface unique et \u00e9volutive. Enrichie de bords irr\u00e9guliers, cette collection offre un design \u00e0 la fois vintage et innovant. La finition mate douce qui ajoute un \u00e9l\u00e9ment de minimalisme.<\/p>\n","protected":false},"excerpt":{"rendered":"<p>Inspir\u00e9e de la s\u00e9rie TBrick, la collection Tint explore une palette de couleurs cr\u00e9atives. En utilisant la profondeur des nuances de couleurs pour cr\u00e9er une surface unique et \u00e9volutive. Enrichie de bords irr\u00e9guliers, cette collection offre un design \u00e0 la fois vintage et innovant. La finition mate douce qui ajoute un \u00e9l\u00e9ment de minimalisme.<\/p>\n","protected":false},"featured_media":4665,"template":"","meta":[],"product_cat":[15],"product_tag":[],"class_list":{"0":"post-4664","1":"product","2":"type-product","3":"status-publish","4":"has-post-thumbnail","6":"product_cat-mur","7":"entry","8":"has-media","10":"first","11":"instock","12":"taxable","13":"shipping-taxable","14":"purchasable","15":"product-type-simple","16":"col","17":"span_1_of_3","18":"wvn-content-left","19":"wvn-thumbs-layout-horizontal","20":"wvn-btn-normal","21":"wvn-tabs-layout-horizontal","22":"has-no-thumbnails"},"_links":{"self":[{"href":"https:\/\/ceramiquepromix.com\/boutique\/wp-json\/wp\/v2\/product\/4664","targetHints":{"allow":["GET"]}}],"collection":[{"href":"https:\/\/ceramiquepromix.com\/boutique\/wp-json\/wp\/v2\/product"}],"about":[{"href":"https:\/\/ceramiquepromix.com\/boutique\/wp-json\/wp\/v2\/types\/product"}],"wp:featuredmedia":[{"embeddable":true,"href":"https:\/\/ceramiquepromix.com\/boutique\/wp-json\/wp\/v2\/media\/4665"}],"wp:attachment":[{"href":"https:\/\/ceramiquepromix.com\/boutique\/wp-json\/wp\/v2\/media?parent=4664"}],"wp:term":[{"taxonomy":"product_cat","embeddable":true,"href":"https:\/\/ceramiquepromix.com\/boutique\/wp-json\/wp\/v2\/product_cat?post=4664"},{"taxonomy":"product_tag","embeddable":true,"href":"https:\/\/ceramiquepromix.com\/boutique\/wp-json\/wp\/v2\/product_tag?post=4664"}],"curies":[{"name":"wp","href":"https:\/\/api.w.org\/{rel}","templated":true}]}}